{"id":12613,"date":"2024-11-14T09:20:09","date_gmt":"2024-11-14T09:20:09","guid":{"rendered":"https:\/\/netpolaris.ai\/isms\/"},"modified":"2025-09-24T17:38:44","modified_gmt":"2025-09-24T17:38:44","slug":"isms","status":"publish","type":"page","link":"https:\/\/netpolaris.ai\/en\/isms\/","title":{"rendered":"ISMS"},"content":{"rendered":"<p>[et_pb_section fb_built=&#8221;1&#8243; admin_label=&#8221;section&#8221; _builder_version=&#8221;4.16&#8243; global_colors_info=&#8221;{}&#8221;][et_pb_row admin_label=&#8221;row&#8221; _builder_version=&#8221;4.27.3&#8243; background_size=&#8221;initial&#8221; background_position=&#8221;top_left&#8221; background_repeat=&#8221;repeat&#8221; custom_margin=&#8221;6%||||false|false&#8221; custom_padding=&#8221;||4px|0px||&#8221; global_colors_info=&#8221;{}&#8221;][et_pb_column type=&#8221;4_4&#8243; _builder_version=&#8221;4.16&#8243; custom_padding=&#8221;|||&#8221; global_colors_info=&#8221;{}&#8221; custom_padding__hover=&#8221;|||&#8221;][et_pb_text admin_label=&#8221;Text&#8221; _builder_version=&#8221;4.27.3&#8243; background_size=&#8221;initial&#8221; background_position=&#8221;top_left&#8221; background_repeat=&#8221;repeat&#8221; global_colors_info=&#8221;{}&#8221;]<\/p>\n<h2>Politica della sicurezza delle informazioni<\/h2>\n<p>[\/et_pb_text][\/et_pb_column][\/et_pb_row][et_pb_row column_structure=&#8221;1_2,1_2&#8243; _builder_version=&#8221;4.27.3&#8243; _module_preset=&#8221;default&#8221; module_alignment=&#8221;center&#8221; custom_padding=&#8221;||1px|||&#8221; global_colors_info=&#8221;{}&#8221;][et_pb_column type=&#8221;1_2&#8243; _builder_version=&#8221;4.27.3&#8243; _module_preset=&#8221;default&#8221; global_colors_info=&#8221;{}&#8221;][et_pb_text _builder_version=&#8221;4.27.3&#8243; _module_preset=&#8221;default&#8221; header_4_text_color=&#8221;#333333&#8243; global_colors_info=&#8221;{}&#8221;]<\/p>\n<h4>(cfr.cap. 5.2 &#8211; ISO 27001:2022)<\/h4>\n<h4>DOC002 &#8211; Ver. 5.0<\/h4>\n<h4>del 09.12.2024<\/h4>\n<h4><\/h4>\n<h4><\/h4>\n<p>[\/et_pb_text][\/et_pb_column][et_pb_column type=&#8221;1_2&#8243; _builder_version=&#8221;4.27.3&#8243; _module_preset=&#8221;default&#8221; global_colors_info=&#8221;{}&#8221;][et_pb_text _builder_version=&#8221;4.27.3&#8243; _module_preset=&#8221;default&#8221; header_4_text_color=&#8221;#333333&#8243; global_colors_info=&#8221;{}&#8221;]<\/p>\n<h4>Autore: RSGSI<\/h4>\n<h4>Approvato da: Direzione<\/h4>\n<h4>Tipo di Documento: Pubblico<\/h4>\n<h4>\u00a0<\/h4>\n<h4>\u00a0<\/h4>\n<p>[\/et_pb_text][\/et_pb_column][\/et_pb_row][et_pb_row admin_label=&#8221;row&#8221; _builder_version=&#8221;4.27.3&#8243; background_size=&#8221;initial&#8221; background_position=&#8221;top_left&#8221; background_repeat=&#8221;repeat&#8221; custom_margin=&#8221;-0.7%|auto||auto|false|false&#8221; custom_padding=&#8221;6px|||0px||&#8221; global_colors_info=&#8221;{}&#8221;][et_pb_column type=&#8221;4_4&#8243; _builder_version=&#8221;4.16&#8243; custom_padding=&#8221;|||&#8221; global_colors_info=&#8221;{}&#8221; custom_padding__hover=&#8221;|||&#8221;][et_pb_text admin_label=&#8221;Text&#8221; _builder_version=&#8221;4.27.3&#8243; background_size=&#8221;initial&#8221; background_position=&#8221;top_left&#8221; background_repeat=&#8221;repeat&#8221; global_colors_info=&#8221;{}&#8221;]<\/p>\n<div class=\"fl-module fl-module-heading fl-node-5fc64b5fed064\" data-node=\"5fc64b5fed064\">\n<div class=\"fl-module-content fl-node-content\">\n<h2 class=\"fl-heading\"><\/h2>\n<\/div>\n<\/div>\n<div class=\"fl-module fl-module-rich-text fl-node-5fc64b44d09f8\" data-node=\"5fc64b44d09f8\">\n<div class=\"fl-module-content fl-node-content\">\n<div class=\"fl-rich-text\">\n<p>La sicurezza e la salvaguardia del patrimonio informativo costituiscono condizione imprescindibile per il raggiungimento degli obiettivi di business di Netpolaris S.r.l..<\/p>\n<p>I requisiti per la sicurezza delle informazioni sono coerenti con gli obiettivi dell\u2019Organizzazione e il Sistema di Gestione della Sicurezza delle Informazioni (SGSI) rappresenta lo strumento che consente la condivisione delle informazioni, lo svolgimento di operazioni corrette e la riduzione dei rischi connessi alle informazioni a livelli accettabili.<\/p>\n<p>In considerazione di ci\u00f2, lo svolgimento delle attivit\u00e0 aziendali deve sempre avvenire garantendo adeguati livelli di disponibilit\u00e0, integrit\u00e0 e riservatezza delle informazioni attraverso l\u2019adozione di un formale \u201cSistema di Gestione della Sicurezza delle Informazioni\u201d (SGSI) in linea con i requisiti attesi dagli stakeholder di Netpolaris S.r.l. e nel rispetto delle normative vigenti.<\/p>\n<p>In particolare il Sistema\u00a0<span class=\"TextRun SCXW56300064 BCX0\" lang=\"IT-IT\" xml:lang=\"IT-IT\" data-contrast=\"auto\"><span class=\"NormalTextRun SCXW56300064 BCX0\" data-ccp-parastyle=\"heading 2\">di Gestione della Sicurezza delle Informazioni\u00a0<\/span><span class=\"NormalTextRun SCXW56300064 BCX0\" data-ccp-parastyle=\"heading 2\">\u00e8 applicato<\/span><\/span><span class=\"TrackChangeTextInsertion TrackedChange SCXW56300064 BCX0\"><span class=\"TextRun SCXW56300064 BCX0\" lang=\"IT-IT\" xml:lang=\"IT-IT\" data-contrast=\"auto\"><span class=\"NormalTextRun SCXW56300064 BCX0\" data-ccp-parastyle=\"heading 2\">\u00a0alla<\/span><\/span><\/span>:<br \/>&#8220;Gestione della sicurezza dei dati inerenti la progettazione, sviluppo, manutenzione ed assistenza di<br \/>software in ambito digital health erogato on premise o in modalit\u00e0 cloud SaaS&#8221;<\/p>\n<p>Gli obiettivi generali del SGSI perseguiti con l\u2019impegno del responsabile, sono:<\/p>\n<ul>\n<li>dimostrare ai clienti la propria capacit\u00e0 di fornire con regolarit\u00e0 prodotti\/servizi sicuri, massimizzando gli obiettivi di business;<\/li>\n<li>minimizzare il rischio di perdita e\/o indisponibilit\u00e0 dei dati dei clienti, pianificando e gestendo le attivit\u00e0 a garanzia della continuit\u00e0 di servizio;<\/li>\n<li>svolgere una continua ed adeguata analisi dei rischi che esamini costantemente le vulnerabilit\u00e0 e le minacce associate alle attivit\u00e0 a cui si applica il sistema;<\/li>\n<li>rispettare le leggi e le disposizioni vigenti, i requisiti contrattuali, le norme e le procedure aziendali;<\/li>\n<li>promuovere la collaborazione, comprensione e consapevolezza del SGSI da parte dei fornitori strategici;<\/li>\n<li>conformarsi ai principi e ai controlli stabiliti dalla ISO\/IEC 27001:2022 o altre norme\/regolamenti che disciplinano le attivit\u00e0 di business in cui opera l\u2019azienda, tra i quali, in particolare le regolamentazioni inerenti la Privacy e la sicurezza dei dati personali.<\/li>\n<\/ul>\n<p><span data-contrast=\"auto\">In particolare, per l\u2019implementazione ed erogazione dei servizi in clou<\/span><span data-contrast=\"auto\">d<\/span><span data-contrast=\"auto\">, ai sensi della ISO 27017 Netpolaris si impegna ad adottare requisiti di sicurezza che prendano in considerazione i rischi derivanti dal personale interno, la gestione sicura del<\/span><span data-contrast=\"auto\">la<\/span>\u00a0<span data-contrast=\"auto\">multi-<\/span><span data-contrast=\"auto\">tenancy<\/span><span data-contrast=\"auto\">\u00a0(condivisione dell&#8217;infrastruttura),<\/span><span data-contrast=\"auto\">\u00a0l\u2019accesso agli asset in cloud da parte del personale dei service provider, il controllo degli accessi (in particolare degli amministratori), le comunicazioni agli stakeholders in occasione di cambiamenti dell\u2019infrastruttura, la sicurezza dei sistemi di virtualizzazione, la protezione e l\u2019accesso dei dati in ambiente cloud, la gestione del ciclo di vita degli account cloud, la comunicazione dei data breach e linee guida per la condivisione delle informazioni a supporto delle attivit\u00e0 di investigazione e forensi, nonch\u00e9 la costante sicurezza sull\u2019ubicazione fisica dei dati nei server in cloud.<\/span><span data-ccp-props=\"{&quot;201341983&quot;:0,&quot;335559739&quot;:160,&quot;335559740&quot;:259}\">\u00a0<\/span><\/p>\n<p aria-level=\"2\"><span data-contrast=\"auto\">Inoltre,\u00a0<\/span><span data-contrast=\"auto\">l\u2019azienda\u00a0<\/span><span data-contrast=\"auto\">Netpolaris<\/span>\u00a0<span data-contrast=\"auto\">\u00e8 costantemente impegnata nella protezione dei dati personali degli interessati che gestisce, con particolare riferimento a quelli dei propri clienti. Rispetto a questi ultimi l\u2019azienda, ai sensi della ISO 27018 e in accordo con la legislazione privacy vigente (GDPR), agisce come \u201cData Processor\u201d ovvero come Responsabile del Trattamento, dichiarando questo status e i relativi obblighi che ne discendono nei contratti con i clienti. Tali obblighi sono riportati anche nelle nomine a responsabile dei fornitori utilizzati da Netpolaris S.r.l. per svolgere il trattamento.\u00a0<\/span><span data-ccp-props=\"{&quot;201341983&quot;:0,&quot;335551550&quot;:6,&quot;335551620&quot;:6,&quot;335559685&quot;:0,&quot;335559737&quot;:0,&quot;335559738&quot;:120,&quot;335559739&quot;:0,&quot;335559740&quot;:288,&quot;469777462&quot;:[426],&quot;469777927&quot;:[0],&quot;469777928&quot;:[1]}\">\u00a0<\/span><\/p>\n<p>Tutto il personale, nell\u2019ambito delle relative responsabilit\u00e0, \u00e8 coinvolto nella segnalazione al Responsabile del Sistema di Gestione della Sicurezza delle Informazioni (RSGSI) di eventuali incidenti riscontrati e di qualsiasi debolezza identificata nel SGSI.<br \/>Tutta l\u2019organizzazione \u00e8 impegnata a supportare l\u2019implementazione, la messa in opera e il riesame periodico ed il miglioramento continuo del SGSI.<br \/>Il vertice aziendale si impegna a perseguire, con i mezzi e le risorse adeguate, gli obiettivi di questa politica.<\/p>\n<\/div>\n<\/div>\n<\/div>\n<p>[\/et_pb_text][\/et_pb_column][\/et_pb_row][\/et_pb_section]<\/p>\n","protected":false},"excerpt":{"rendered":"<p>Politica della sicurezza delle informazioni(cfr.cap. 5.2 &#8211; ISO 27001:2022) DOC002 &#8211; Ver. 5.0 del 09.12.2024 Autore: RSGSI Approvato da: Direzione Tipo di Documento: Pubblico \u00a0 \u00a0 La sicurezza e la salvaguardia del patrimonio informativo costituiscono condizione imprescindibile per il raggiungimento degli obiettivi di business di Netpolaris S.r.l.. I requisiti per la sicurezza delle informazioni sono [&hellip;]<\/p>\n","protected":false},"author":6,"featured_media":12276,"parent":0,"menu_order":100,"comment_status":"closed","ping_status":"closed","template":"","meta":{"_acf_changed":false,"_et_pb_use_builder":"on","_et_pb_old_content":"<div class=\"fl-module fl-module-heading fl-node-5fc64b5fed064\" data-node=\"5fc64b5fed064\">\r\n<div class=\"fl-module-content fl-node-content\">\r\n<h2 class=\"fl-heading\"><span class=\"fl-heading-text\">Politica sulla sicurezza delle informazioni<\/span><\/h2>\r\n<\/div>\r\n<\/div>\r\n<div class=\"fl-col-group fl-node-61261bf7cba70 fl-col-group-nested\" data-node=\"61261bf7cba70\">\r\n<div class=\"fl-col fl-node-61261bf7cbb42 fl-col-small\" data-node=\"61261bf7cbb42\">\r\n<div class=\"fl-col-content fl-node-content\">\r\n<div class=\"fl-module fl-module-rich-text fl-node-61261bd62009b\" data-node=\"61261bd62009b\">\r\n<div class=\"fl-module-content fl-node-content\">\r\n<div class=\"fl-rich-text\">\r\n\r\n(cfr. cap. 5.2 \u2013 ISO 27001:2017)\r\nDOC002 \u2013 Ver. 4.0\r\ndel 06-07-2022\r\n\r\n<\/div>\r\n<\/div>\r\n<\/div>\r\n<\/div>\r\n<\/div>\r\n<div class=\"fl-col fl-node-61261d7e71529 fl-col-small\" data-node=\"61261d7e71529\">\r\n<div class=\"fl-col-content fl-node-content\">\r\n<div class=\"fl-module fl-module-rich-text fl-node-61261d8472a71\" data-node=\"61261d8472a71\">\r\n<div class=\"fl-module-content fl-node-content\">\r\n<div class=\"fl-rich-text\">\r\n\r\nAutore: RSGSI\r\nApprovato da: Direzione\r\nTipo Documento: Pubblico\r\n\r\n<\/div>\r\n<\/div>\r\n<\/div>\r\n<\/div>\r\n<\/div>\r\n<\/div>\r\n<div class=\"fl-module fl-module-rich-text fl-node-5fc64b44d09f8\" data-node=\"5fc64b44d09f8\">\r\n<div class=\"fl-module-content fl-node-content\">\r\n<div class=\"fl-rich-text\">\r\n\r\nLa sicurezza e la salvaguardia del patrimonio informativo costituiscono condizione imprescindibile per il raggiungimento degli obiettivi di business di Netpolaris S.r.l..\r\n\r\nI requisiti per la sicurezza delle informazioni sono coerenti con gli obiettivi dell\u2019Organizzazione e il Sistema di Gestione della Sicurezza delle Informazioni (SGSI) rappresenta lo strumento che consente la condivisione delle informazioni, lo svolgimento di operazioni corrette e la riduzione dei rischi connessi alle informazioni a livelli accettabili.\r\n\r\nIn considerazione di ci\u00f2, lo svolgimento delle attivit\u00e0 aziendali deve sempre avvenire garantendo adeguati livelli di disponibilit\u00e0, integrit\u00e0 e riservatezza delle informazioni attraverso l\u2019adozione di un formale \u201cSistema di Gestione della Sicurezza delle Informazioni\u201d (SGSI) in linea con i requisiti attesi dagli stakeholder di Netpolaris S.r.l. e nel rispetto delle normative vigenti.\r\n\r\nIn particolare il Sistema\u00a0<span class=\"TextRun SCXW56300064 BCX0\" lang=\"IT-IT\" xml:lang=\"IT-IT\" data-contrast=\"auto\"><span class=\"NormalTextRun SCXW56300064 BCX0\" data-ccp-parastyle=\"heading 2\">di Gestione della Sicurezza delle Informazioni\u00a0<\/span><span class=\"NormalTextRun SCXW56300064 BCX0\" data-ccp-parastyle=\"heading 2\">\u00e8 applicato<\/span><\/span><span class=\"TrackChangeTextInsertion TrackedChange SCXW56300064 BCX0\"><span class=\"TextRun SCXW56300064 BCX0\" lang=\"IT-IT\" xml:lang=\"IT-IT\" data-contrast=\"auto\"><span class=\"NormalTextRun SCXW56300064 BCX0\" data-ccp-parastyle=\"heading 2\">\u00a0alla<\/span><\/span><\/span>:\r\n\"Gestione della sicurezza dei dati inerenti la progettazione, sviluppo, manutenzione ed assistenza di\r\nsoftware in ambito digital health erogato on premise o in modalit\u00e0 cloud SaaS\"\r\n\r\nGli obiettivi generali del SGSI perseguiti con l\u2019impegno del responsabile, sono:\r\n<ul>\r\n \t<li>dimostrare ai clienti la propria capacit\u00e0 di fornire con regolarit\u00e0 prodotti\/servizi sicuri, massimizzando gli obiettivi di business;<\/li>\r\n \t<li>minimizzare il rischio di perdita e\/o indisponibilit\u00e0 dei dati dei clienti, pianificando e gestendo le attivit\u00e0 a garanzia della continuit\u00e0 di servizio;<\/li>\r\n \t<li>svolgere una continua ed adeguata analisi dei rischi che esamini costantemente le vulnerabilit\u00e0 e le minacce associate alle attivit\u00e0 a cui si applica il sistema;<\/li>\r\n \t<li>rispettare le leggi e le disposizioni vigenti, i requisiti contrattuali, le norme e le procedure aziendali;<\/li>\r\n \t<li>promuovere la collaborazione, comprensione e consapevolezza del SGSI da parte dei fornitori strategici;<\/li>\r\n \t<li>conformarsi ai principi e ai controlli stabiliti dalla ISO\/IEC 27001:2017 o altre norme\/regolamenti che disciplinano le attivit\u00e0 di business in cui opera l\u2019azienda, tra i quali, in particolare le regolamentazioni inerenti la Privacy e la sicurezza dei dati personali.<\/li>\r\n<\/ul>\r\n<span data-contrast=\"auto\">In particolare, per l\u2019implementazione ed erogazione dei servizi in clou<\/span><span data-contrast=\"auto\">d<\/span><span data-contrast=\"auto\">, ai sensi della ISO 27017 Netpolaris si impegna ad adottare requisiti di sicurezza che prendano in considerazione i rischi derivanti dal personale interno, la gestione sicura del<\/span><span data-contrast=\"auto\">la<\/span>\u00a0<span data-contrast=\"auto\">multi-<\/span><span data-contrast=\"auto\">tenancy<\/span><span data-contrast=\"auto\">\u00a0(condivisione dell'infrastruttura),<\/span><span data-contrast=\"auto\">\u00a0l\u2019accesso agli asset in cloud da parte del personale dei service provider, il controllo degli accessi (in particolare degli amministratori), le comunicazioni agli stakeholders in occasione di cambiamenti dell\u2019infrastruttura, la sicurezza dei sistemi di virtualizzazione, la protezione e l\u2019accesso dei dati in ambiente cloud, la gestione del ciclo di vita degli account cloud, la comunicazione dei data breach e linee guida per la condivisione delle informazioni a supporto delle attivit\u00e0 di investigazione e forensi, nonch\u00e9 la costante sicurezza sull\u2019ubicazione fisica dei dati nei server in cloud.<\/span><span data-ccp-props=\"{\"201341983\":0,\"335559739\":160,\"335559740\":259}\">\u00a0<\/span>\r\n<p aria-level=\"2\"><span data-contrast=\"auto\">Inoltre,\u00a0<\/span><span data-contrast=\"auto\">l\u2019azienda\u00a0<\/span><span data-contrast=\"auto\">Netpolaris<\/span>\u00a0<span data-contrast=\"auto\">\u00e8 costantemente impegnata nella protezione dei dati personali degli interessati che gestisce, con particolare riferimento a quelli dei propri clienti. Rispetto a questi ultimi l\u2019azienda, ai sensi della ISO 27018 e in accordo con la legislazione privacy vigente (GDPR), agisce come \u201cData Processor\u201d ovvero come Responsabile del Trattamento, dichiarando questo status e i relativi obblighi che ne discendono nei contratti con i clienti. Tali obblighi sono riportati anche nelle nomine a responsabile dei fornitori utilizzati da Netpolaris S.r.l. per svolgere il trattamento.\u00a0<\/span><span data-ccp-props=\"{\"201341983\":0,\"335551550\":6,\"335551620\":6,\"335559685\":0,\"335559737\":0,\"335559738\":120,\"335559739\":0,\"335559740\":288,\"469777462\":[426],\"469777927\":[0],\"469777928\":[1]}\">\u00a0<\/span><\/p>\r\nTutto il personale, nell\u2019ambito delle relative responsabilit\u00e0, \u00e8 coinvolto nella segnalazione al Responsabile del Sistema di Gestione della Sicurezza delle Informazioni (RSGSI) di eventuali incidenti riscontrati e di qualsiasi debolezza identificata nel SGSI.\r\nTutta l\u2019organizzazione \u00e8 impegnata a supportare l\u2019implementazione, la messa in opera e il riesame periodico ed il miglioramento continuo del SGSI.\r\nIl vertice aziendale si impegna a perseguire, con i mezzi e le risorse adeguate, gli obiettivi di questa politica.\r\n\r\n<\/div>\r\n<\/div>\r\n<\/div>","_et_gb_content_width":"","inline_featured_image":false,"footnotes":""},"class_list":["post-12613","page","type-page","status-publish","has-post-thumbnail","hentry"],"acf":[],"yoast_head":"<!-- This site is optimized with the Yoast SEO plugin v27.3 - https:\/\/yoast.com\/product\/yoast-seo-wordpress\/ -->\n<title>ISMS | Netpolaris<\/title>\n<meta name=\"description\" content=\"Information security policy. A formal \u2018Sistema di Gestione della Sicurezza delle Informazioni\u201d (SGSI) is adopted.\" \/>\n<meta name=\"robots\" content=\"noindex, nofollow\" \/>\n<meta property=\"og:locale\" content=\"en_US\" \/>\n<meta property=\"og:type\" content=\"article\" \/>\n<meta property=\"og:title\" content=\"ISMS | Netpolaris\" \/>\n<meta property=\"og:description\" content=\"Information security policy. A formal \u2018Sistema di Gestione della Sicurezza delle Informazioni\u201d (SGSI) is adopted.\" \/>\n<meta property=\"og:url\" content=\"https:\/\/netpolaris.ai\/en\/isms\/\" \/>\n<meta property=\"og:site_name\" content=\"Netpolaris\" \/>\n<meta property=\"article:publisher\" content=\"https:\/\/www.facebook.com\/the0healthcare\" \/>\n<meta property=\"article:modified_time\" content=\"2025-09-24T17:38:44+00:00\" \/>\n<meta property=\"og:image\" content=\"https:\/\/netpolaris.ai\/wp-content\/uploads\/2025\/01\/netpolaris-we-are-revolution.png\" \/>\n\t<meta property=\"og:image:width\" content=\"1500\" \/>\n\t<meta property=\"og:image:height\" content=\"788\" \/>\n\t<meta property=\"og:image:type\" content=\"image\/png\" \/>\n<meta name=\"twitter:card\" content=\"summary_large_image\" \/>\n<meta name=\"twitter:label1\" content=\"Est. reading time\" \/>\n\t<meta name=\"twitter:data1\" content=\"4 minutes\" \/>\n<script type=\"application\/ld+json\" class=\"yoast-schema-graph\">{\"@context\":\"https:\\\/\\\/schema.org\",\"@graph\":[{\"@type\":\"WebPage\",\"@id\":\"https:\\\/\\\/netpolaris.ai\\\/en\\\/isms\\\/\",\"url\":\"https:\\\/\\\/netpolaris.ai\\\/en\\\/isms\\\/\",\"name\":\"ISMS | Netpolaris\",\"isPartOf\":{\"@id\":\"https:\\\/\\\/netpolaris.ai\\\/en\\\/#website\"},\"primaryImageOfPage\":{\"@id\":\"https:\\\/\\\/netpolaris.ai\\\/en\\\/isms\\\/#primaryimage\"},\"image\":{\"@id\":\"https:\\\/\\\/netpolaris.ai\\\/en\\\/isms\\\/#primaryimage\"},\"thumbnailUrl\":\"https:\\\/\\\/netpolaris.ai\\\/wp-content\\\/uploads\\\/2025\\\/01\\\/netpolaris-we-are-revolution.png\",\"datePublished\":\"2024-11-14T09:20:09+00:00\",\"dateModified\":\"2025-09-24T17:38:44+00:00\",\"description\":\"Information security policy. A formal \u2018Sistema di Gestione della Sicurezza delle Informazioni\u201d (SGSI) is adopted.\",\"breadcrumb\":{\"@id\":\"https:\\\/\\\/netpolaris.ai\\\/en\\\/isms\\\/#breadcrumb\"},\"inLanguage\":\"en-US\",\"potentialAction\":[{\"@type\":\"ReadAction\",\"target\":[\"https:\\\/\\\/netpolaris.ai\\\/en\\\/isms\\\/\"]}]},{\"@type\":\"ImageObject\",\"inLanguage\":\"en-US\",\"@id\":\"https:\\\/\\\/netpolaris.ai\\\/en\\\/isms\\\/#primaryimage\",\"url\":\"https:\\\/\\\/netpolaris.ai\\\/wp-content\\\/uploads\\\/2025\\\/01\\\/netpolaris-we-are-revolution.png\",\"contentUrl\":\"https:\\\/\\\/netpolaris.ai\\\/wp-content\\\/uploads\\\/2025\\\/01\\\/netpolaris-we-are-revolution.png\",\"width\":1500,\"height\":788},{\"@type\":\"BreadcrumbList\",\"@id\":\"https:\\\/\\\/netpolaris.ai\\\/en\\\/isms\\\/#breadcrumb\",\"itemListElement\":[{\"@type\":\"ListItem\",\"position\":1,\"name\":\"Home\",\"item\":\"https:\\\/\\\/netpolaris.ai\\\/en\\\/\"},{\"@type\":\"ListItem\",\"position\":2,\"name\":\"ISMS\"}]},{\"@type\":\"WebSite\",\"@id\":\"https:\\\/\\\/netpolaris.ai\\\/en\\\/#website\",\"url\":\"https:\\\/\\\/netpolaris.ai\\\/en\\\/\",\"name\":\"Netpolaris\",\"description\":\"We are REVOLUTION\",\"publisher\":{\"@id\":\"https:\\\/\\\/netpolaris.ai\\\/en\\\/#organization\"},\"potentialAction\":[{\"@type\":\"SearchAction\",\"target\":{\"@type\":\"EntryPoint\",\"urlTemplate\":\"https:\\\/\\\/netpolaris.ai\\\/en\\\/?s={search_term_string}\"},\"query-input\":{\"@type\":\"PropertyValueSpecification\",\"valueRequired\":true,\"valueName\":\"search_term_string\"}}],\"inLanguage\":\"en-US\"},{\"@type\":\"Organization\",\"@id\":\"https:\\\/\\\/netpolaris.ai\\\/en\\\/#organization\",\"name\":\"Netpolaris\",\"url\":\"https:\\\/\\\/netpolaris.ai\\\/en\\\/\",\"logo\":{\"@type\":\"ImageObject\",\"inLanguage\":\"en-US\",\"@id\":\"https:\\\/\\\/netpolaris.ai\\\/en\\\/#\\\/schema\\\/logo\\\/image\\\/\",\"url\":\"https:\\\/\\\/netpolaris.ai\\\/wp-content\\\/uploads\\\/2024\\\/12\\\/favicon-netpolaris.png\",\"contentUrl\":\"https:\\\/\\\/netpolaris.ai\\\/wp-content\\\/uploads\\\/2024\\\/12\\\/favicon-netpolaris.png\",\"width\":512,\"height\":512,\"caption\":\"Netpolaris\"},\"image\":{\"@id\":\"https:\\\/\\\/netpolaris.ai\\\/en\\\/#\\\/schema\\\/logo\\\/image\\\/\"},\"sameAs\":[\"https:\\\/\\\/www.facebook.com\\\/the0healthcare\",\"https:\\\/\\\/www.linkedin.com\\\/company\\\/netpolaris-s.r.l.\\\/\"]}]}<\/script>\n<!-- \/ Yoast SEO plugin. -->","yoast_head_json":{"title":"ISMS | Netpolaris","description":"Information security policy. A formal \u2018Sistema di Gestione della Sicurezza delle Informazioni\u201d (SGSI) is adopted.","robots":{"index":"noindex","follow":"nofollow"},"og_locale":"en_US","og_type":"article","og_title":"ISMS | Netpolaris","og_description":"Information security policy. A formal \u2018Sistema di Gestione della Sicurezza delle Informazioni\u201d (SGSI) is adopted.","og_url":"https:\/\/netpolaris.ai\/en\/isms\/","og_site_name":"Netpolaris","article_publisher":"https:\/\/www.facebook.com\/the0healthcare","article_modified_time":"2025-09-24T17:38:44+00:00","og_image":[{"width":1500,"height":788,"url":"https:\/\/netpolaris.ai\/wp-content\/uploads\/2025\/01\/netpolaris-we-are-revolution.png","type":"image\/png"}],"twitter_card":"summary_large_image","twitter_misc":{"Est. reading time":"4 minutes"},"schema":{"@context":"https:\/\/schema.org","@graph":[{"@type":"WebPage","@id":"https:\/\/netpolaris.ai\/en\/isms\/","url":"https:\/\/netpolaris.ai\/en\/isms\/","name":"ISMS | Netpolaris","isPartOf":{"@id":"https:\/\/netpolaris.ai\/en\/#website"},"primaryImageOfPage":{"@id":"https:\/\/netpolaris.ai\/en\/isms\/#primaryimage"},"image":{"@id":"https:\/\/netpolaris.ai\/en\/isms\/#primaryimage"},"thumbnailUrl":"https:\/\/netpolaris.ai\/wp-content\/uploads\/2025\/01\/netpolaris-we-are-revolution.png","datePublished":"2024-11-14T09:20:09+00:00","dateModified":"2025-09-24T17:38:44+00:00","description":"Information security policy. A formal \u2018Sistema di Gestione della Sicurezza delle Informazioni\u201d (SGSI) is adopted.","breadcrumb":{"@id":"https:\/\/netpolaris.ai\/en\/isms\/#breadcrumb"},"inLanguage":"en-US","potentialAction":[{"@type":"ReadAction","target":["https:\/\/netpolaris.ai\/en\/isms\/"]}]},{"@type":"ImageObject","inLanguage":"en-US","@id":"https:\/\/netpolaris.ai\/en\/isms\/#primaryimage","url":"https:\/\/netpolaris.ai\/wp-content\/uploads\/2025\/01\/netpolaris-we-are-revolution.png","contentUrl":"https:\/\/netpolaris.ai\/wp-content\/uploads\/2025\/01\/netpolaris-we-are-revolution.png","width":1500,"height":788},{"@type":"BreadcrumbList","@id":"https:\/\/netpolaris.ai\/en\/isms\/#breadcrumb","itemListElement":[{"@type":"ListItem","position":1,"name":"Home","item":"https:\/\/netpolaris.ai\/en\/"},{"@type":"ListItem","position":2,"name":"ISMS"}]},{"@type":"WebSite","@id":"https:\/\/netpolaris.ai\/en\/#website","url":"https:\/\/netpolaris.ai\/en\/","name":"Netpolaris","description":"We are REVOLUTION","publisher":{"@id":"https:\/\/netpolaris.ai\/en\/#organization"},"potentialAction":[{"@type":"SearchAction","target":{"@type":"EntryPoint","urlTemplate":"https:\/\/netpolaris.ai\/en\/?s={search_term_string}"},"query-input":{"@type":"PropertyValueSpecification","valueRequired":true,"valueName":"search_term_string"}}],"inLanguage":"en-US"},{"@type":"Organization","@id":"https:\/\/netpolaris.ai\/en\/#organization","name":"Netpolaris","url":"https:\/\/netpolaris.ai\/en\/","logo":{"@type":"ImageObject","inLanguage":"en-US","@id":"https:\/\/netpolaris.ai\/en\/#\/schema\/logo\/image\/","url":"https:\/\/netpolaris.ai\/wp-content\/uploads\/2024\/12\/favicon-netpolaris.png","contentUrl":"https:\/\/netpolaris.ai\/wp-content\/uploads\/2024\/12\/favicon-netpolaris.png","width":512,"height":512,"caption":"Netpolaris"},"image":{"@id":"https:\/\/netpolaris.ai\/en\/#\/schema\/logo\/image\/"},"sameAs":["https:\/\/www.facebook.com\/the0healthcare","https:\/\/www.linkedin.com\/company\/netpolaris-s.r.l.\/"]}]}},"_links":{"self":[{"href":"https:\/\/netpolaris.ai\/en\/wp-json\/wp\/v2\/pages\/12613","targetHints":{"allow":["GET"]}}],"collection":[{"href":"https:\/\/netpolaris.ai\/en\/wp-json\/wp\/v2\/pages"}],"about":[{"href":"https:\/\/netpolaris.ai\/en\/wp-json\/wp\/v2\/types\/page"}],"author":[{"embeddable":true,"href":"https:\/\/netpolaris.ai\/en\/wp-json\/wp\/v2\/users\/6"}],"replies":[{"embeddable":true,"href":"https:\/\/netpolaris.ai\/en\/wp-json\/wp\/v2\/comments?post=12613"}],"version-history":[{"count":3,"href":"https:\/\/netpolaris.ai\/en\/wp-json\/wp\/v2\/pages\/12613\/revisions"}],"predecessor-version":[{"id":13038,"href":"https:\/\/netpolaris.ai\/en\/wp-json\/wp\/v2\/pages\/12613\/revisions\/13038"}],"wp:featuredmedia":[{"embeddable":true,"href":"https:\/\/netpolaris.ai\/en\/wp-json\/wp\/v2\/media\/12276"}],"wp:attachment":[{"href":"https:\/\/netpolaris.ai\/en\/wp-json\/wp\/v2\/media?parent=12613"}],"curies":[{"name":"wp","href":"https:\/\/api.w.org\/{rel}","templated":true}]}}